{"id":98,"date":"2018-02-14T17:43:27","date_gmt":"2018-02-14T17:43:27","guid":{"rendered":"http:\/\/cic-analytic.com\/hydropath\/?post_type=product&#038;p=98"},"modified":"2018-03-05T00:14:23","modified_gmt":"2018-03-05T00:14:23","slug":"hydro-flow-s38","status":"publish","type":"product","link":"https:\/\/cic-analytic.com\/hydropath\/producto\/hydro-flow-s38\/","title":{"rendered":"Hydro FLOW S38"},"content":{"rendered":"<p><img loading=\"lazy\" decoding=\"async\" class=\"wp-image-162 size-full aligncenter\" src=\"http:\/\/cic-analytic.com\/hydropath\/wp-content\/uploads\/sites\/2\/2018\/02\/ap_hd.png\" alt=\"\" width=\"629\" height=\"79\" srcset=\"https:\/\/cic-analytic.com\/hydropath\/wp-content\/uploads\/sites\/2\/2018\/02\/ap_hd.png 629w, https:\/\/cic-analytic.com\/hydropath\/wp-content\/uploads\/sites\/2\/2018\/02\/ap_hd-300x38.png 300w, https:\/\/cic-analytic.com\/hydropath\/wp-content\/uploads\/sites\/2\/2018\/02\/ap_hd-600x75.png 600w\" sizes=\"(max-width: 629px) 100vw, 629px\" \/><\/p>\n<p><strong>Protecci\u00f3n contra el sarro para aplicaciones comerciales livianas<\/strong><\/p>\n<p>El Hydro FLOW S38 es para uso en calderas de vapor de baja presi\u00f3n, hornos de vapor y salas de vapor, para humidificadores y evaporadores. Proteger estos dispositivos de la acumulaci\u00f3n de sarro y eliminar el existente puede reducir los costos de mantenimiento y reemplazo y mejorar su eficiencia.<\/p>\n<p>El S38 se adapta a tuber\u00edas de hasta 38 mm, es adecuado para todo tipo de material de tuber\u00eda y funciona independientemente del caudal. El s38 est\u00e1 dise\u00f1ado para ofrecer una alternativa libre de qu\u00edmicos al abordar los efectos de la incrustaci\u00f3n calc\u00e1reas nueva y existente.<\/p>\n","protected":false},"excerpt":{"rendered":"<p><strong>Protecci\u00f3n contra el sarro para aplicaciones comerciales livianas<br \/>\n<\/strong><br \/>\nEl Hydro FLOW S38 es para uso en calderas de vapor de baja presi\u00f3n, hornos de vapor y salas de vapor, para humidificadores y evaporadores.<\/p>\n<table>\n<tbody>\n<tr>\n<td><img loading=\"lazy\" decoding=\"async\" class=\"alignnone size-full wp-image-233\" src=\"http:\/\/cic-analytic.com\/hydropath\/wp-content\/uploads\/sites\/2\/2018\/02\/iso_verde.png\" alt=\"\" width=\"79\" height=\"79\" srcset=\"https:\/\/cic-analytic.com\/hydropath\/wp-content\/uploads\/sites\/2\/2018\/02\/iso_verde.png 79w, https:\/\/cic-analytic.com\/hydropath\/wp-content\/uploads\/sites\/2\/2018\/02\/iso_verde-73x73.png 73w\" sizes=\"(max-width: 79px) 100vw, 79px\" \/><\/td>\n<td><strong>Remueve\u00a0nuevas\u00a0part\u00edculas\u00a0de sarro<\/strong><\/td>\n<\/tr>\n<tr>\n<td><img loading=\"lazy\" decoding=\"async\" class=\"alignnone size-full wp-image-231\" src=\"http:\/\/cic-analytic.com\/hydropath\/wp-content\/uploads\/sites\/2\/2018\/02\/iso_azul.png\" alt=\"\" width=\"79\" height=\"79\" srcset=\"https:\/\/cic-analytic.com\/hydropath\/wp-content\/uploads\/sites\/2\/2018\/02\/iso_azul.png 79w, https:\/\/cic-analytic.com\/hydropath\/wp-content\/uploads\/sites\/2\/2018\/02\/iso_azul-73x73.png 73w\" sizes=\"(max-width: 79px) 100vw, 79px\" \/><\/td>\n<td><strong>Remueve\u00a0sarro\u00a0existente<\/strong><\/td>\n<\/tr>\n<tr>\n<td><img loading=\"lazy\" decoding=\"async\" class=\"alignnone size-full wp-image-232\" src=\"http:\/\/cic-analytic.com\/hydropath\/wp-content\/uploads\/sites\/2\/2018\/02\/iso_fucsia.png\" alt=\"\" width=\"79\" height=\"79\" srcset=\"https:\/\/cic-analytic.com\/hydropath\/wp-content\/uploads\/sites\/2\/2018\/02\/iso_fucsia.png 79w, https:\/\/cic-analytic.com\/hydropath\/wp-content\/uploads\/sites\/2\/2018\/02\/iso_fucsia-73x73.png 73w\" sizes=\"(max-width: 79px) 100vw, 79px\" \/><\/td>\n<td><strong>Tama\u00f1os\u00a0est\u00e1ndar\u00a0hasta 38mm<\/strong><\/td>\n<\/tr>\n<\/tbody>\n<\/table>\n","protected":false},"featured_media":99,"template":"","meta":[],"yoast_head":"<!-- This site is optimized with the Yoast SEO plugin v22.6 - https:\/\/yoast.com\/wordpress\/plugins\/seo\/ -->\n<title>Hydro FLOW S38 &#8226; Hydropath<\/title>\n<meta name=\"robots\" content=\"index, follow, max-snippet:-1, max-image-preview:large, max-video-preview:-1\" \/>\n<link rel=\"canonical\" href=\"https:\/\/cic-analytic.com\/hydropath\/producto\/hydro-flow-s38\/\" \/>\n<meta property=\"og:locale\" content=\"es_ES\" \/>\n<meta property=\"og:type\" content=\"article\" \/>\n<meta property=\"og:title\" content=\"Hydro FLOW S38 &#8226; Hydropath\" \/>\n<meta property=\"og:description\" content=\"Protecci\u00f3n contra el sarro para aplicaciones comerciales livianas  El Hydro FLOW S38 es para uso en calderas de vapor de baja presi\u00f3n, hornos de vapor y salas de vapor, para humidificadores y evaporadores.     Remueve\u00a0nuevas\u00a0part\u00edculas\u00a0de sarro    Remueve\u00a0sarro\u00a0existente    Tama\u00f1os\u00a0est\u00e1ndar\u00a0hasta 38mm\" \/>\n<meta property=\"og:url\" content=\"https:\/\/cic-analytic.com\/hydropath\/producto\/hydro-flow-s38\/\" \/>\n<meta property=\"og:site_name\" content=\"Hydropath\" \/>\n<meta property=\"article:modified_time\" content=\"2018-03-05T00:14:23+00:00\" \/>\n<meta property=\"og:image\" content=\"https:\/\/cic-analytic.com\/hydropath\/wp-content\/uploads\/sites\/2\/2018\/02\/s38-0_3.jpg\" \/>\n\t<meta property=\"og:image:width\" content=\"1200\" \/>\n\t<meta property=\"og:image:height\" content=\"900\" \/>\n\t<meta property=\"og:image:type\" content=\"image\/jpeg\" \/>\n<meta name=\"twitter:card\" content=\"summary_large_image\" \/>\n<meta name=\"twitter:label1\" content=\"Tiempo de lectura\" \/>\n\t<meta name=\"twitter:data1\" content=\"1 minuto\" \/>\n<script type=\"application\/ld+json\" class=\"yoast-schema-graph\">{\"@context\":\"https:\/\/schema.org\",\"@graph\":[{\"@type\":\"WebPage\",\"@id\":\"https:\/\/cic-analytic.com\/hydropath\/producto\/hydro-flow-s38\/\",\"url\":\"https:\/\/cic-analytic.com\/hydropath\/producto\/hydro-flow-s38\/\",\"name\":\"Hydro FLOW S38 &#8226; Hydropath\",\"isPartOf\":{\"@id\":\"https:\/\/cic-analytic.com\/hydropath\/#website\"},\"primaryImageOfPage\":{\"@id\":\"https:\/\/cic-analytic.com\/hydropath\/producto\/hydro-flow-s38\/#primaryimage\"},\"image\":{\"@id\":\"https:\/\/cic-analytic.com\/hydropath\/producto\/hydro-flow-s38\/#primaryimage\"},\"thumbnailUrl\":\"\",\"datePublished\":\"2018-02-14T17:43:27+00:00\",\"dateModified\":\"2018-03-05T00:14:23+00:00\",\"breadcrumb\":{\"@id\":\"https:\/\/cic-analytic.com\/hydropath\/producto\/hydro-flow-s38\/#breadcrumb\"},\"inLanguage\":\"es\",\"potentialAction\":[{\"@type\":\"ReadAction\",\"target\":[\"https:\/\/cic-analytic.com\/hydropath\/producto\/hydro-flow-s38\/\"]}]},{\"@type\":\"ImageObject\",\"inLanguage\":\"es\",\"@id\":\"https:\/\/cic-analytic.com\/hydropath\/producto\/hydro-flow-s38\/#primaryimage\",\"url\":\"\",\"contentUrl\":\"\",\"width\":1200,\"height\":900},{\"@type\":\"BreadcrumbList\",\"@id\":\"https:\/\/cic-analytic.com\/hydropath\/producto\/hydro-flow-s38\/#breadcrumb\",\"itemListElement\":[{\"@type\":\"ListItem\",\"position\":1,\"name\":\"Portada\",\"item\":\"https:\/\/cic-analytic.com\/hydropath\/\"},{\"@type\":\"ListItem\",\"position\":2,\"name\":\"Productos\",\"item\":\"https:\/\/cic-analytic.com\/hydropath\/productos\/\"},{\"@type\":\"ListItem\",\"position\":3,\"name\":\"Hydro FLOW S38\"}]},{\"@type\":\"WebSite\",\"@id\":\"https:\/\/cic-analytic.com\/hydropath\/#website\",\"url\":\"https:\/\/cic-analytic.com\/hydropath\/\",\"name\":\"Hydropath\",\"description\":\"Hydropath Tecnology\",\"publisher\":{\"@id\":\"https:\/\/cic-analytic.com\/hydropath\/#organization\"},\"potentialAction\":[{\"@type\":\"SearchAction\",\"target\":{\"@type\":\"EntryPoint\",\"urlTemplate\":\"https:\/\/cic-analytic.com\/hydropath\/?s={search_term_string}\"},\"query-input\":\"required name=search_term_string\"}],\"inLanguage\":\"es\"},{\"@type\":\"Organization\",\"@id\":\"https:\/\/cic-analytic.com\/hydropath\/#organization\",\"name\":\"Hydropath\",\"url\":\"https:\/\/cic-analytic.com\/hydropath\/\",\"logo\":{\"@type\":\"ImageObject\",\"inLanguage\":\"es\",\"@id\":\"https:\/\/cic-analytic.com\/hydropath\/#\/schema\/logo\/image\/\",\"url\":\"https:\/\/cic-analytic.com\/hydropath\/wp-content\/uploads\/sites\/2\/2018\/02\/logo_hydropath-cic.png\",\"contentUrl\":\"https:\/\/cic-analytic.com\/hydropath\/wp-content\/uploads\/sites\/2\/2018\/02\/logo_hydropath-cic.png\",\"width\":293,\"height\":42,\"caption\":\"Hydropath\"},\"image\":{\"@id\":\"https:\/\/cic-analytic.com\/hydropath\/#\/schema\/logo\/image\/\"},\"sameAs\":[\"https:\/\/ar.linkedin.com\/company\/cic-international-analytic\"]}]}<\/script>\n<!-- \/ Yoast SEO plugin. -->","yoast_head_json":{"title":"Hydro FLOW S38 &#8226; Hydropath","robots":{"index":"index","follow":"follow","max-snippet":"max-snippet:-1","max-image-preview":"max-image-preview:large","max-video-preview":"max-video-preview:-1"},"canonical":"https:\/\/cic-analytic.com\/hydropath\/producto\/hydro-flow-s38\/","og_locale":"es_ES","og_type":"article","og_title":"Hydro FLOW S38 &#8226; Hydropath","og_description":"Protecci\u00f3n contra el sarro para aplicaciones comerciales livianas  El Hydro FLOW S38 es para uso en calderas de vapor de baja presi\u00f3n, hornos de vapor y salas de vapor, para humidificadores y evaporadores.     Remueve\u00a0nuevas\u00a0part\u00edculas\u00a0de sarro    Remueve\u00a0sarro\u00a0existente    Tama\u00f1os\u00a0est\u00e1ndar\u00a0hasta 38mm","og_url":"https:\/\/cic-analytic.com\/hydropath\/producto\/hydro-flow-s38\/","og_site_name":"Hydropath","article_modified_time":"2018-03-05T00:14:23+00:00","og_image":[{"width":1200,"height":900,"url":"https:\/\/cic-analytic.com\/hydropath\/wp-content\/uploads\/sites\/2\/2018\/02\/s38-0_3.jpg","type":"image\/jpeg"}],"twitter_card":"summary_large_image","twitter_misc":{"Tiempo de lectura":"1 minuto"},"schema":{"@context":"https:\/\/schema.org","@graph":[{"@type":"WebPage","@id":"https:\/\/cic-analytic.com\/hydropath\/producto\/hydro-flow-s38\/","url":"https:\/\/cic-analytic.com\/hydropath\/producto\/hydro-flow-s38\/","name":"Hydro FLOW S38 &#8226; Hydropath","isPartOf":{"@id":"https:\/\/cic-analytic.com\/hydropath\/#website"},"primaryImageOfPage":{"@id":"https:\/\/cic-analytic.com\/hydropath\/producto\/hydro-flow-s38\/#primaryimage"},"image":{"@id":"https:\/\/cic-analytic.com\/hydropath\/producto\/hydro-flow-s38\/#primaryimage"},"thumbnailUrl":"","datePublished":"2018-02-14T17:43:27+00:00","dateModified":"2018-03-05T00:14:23+00:00","breadcrumb":{"@id":"https:\/\/cic-analytic.com\/hydropath\/producto\/hydro-flow-s38\/#breadcrumb"},"inLanguage":"es","potentialAction":[{"@type":"ReadAction","target":["https:\/\/cic-analytic.com\/hydropath\/producto\/hydro-flow-s38\/"]}]},{"@type":"ImageObject","inLanguage":"es","@id":"https:\/\/cic-analytic.com\/hydropath\/producto\/hydro-flow-s38\/#primaryimage","url":"","contentUrl":"","width":1200,"height":900},{"@type":"BreadcrumbList","@id":"https:\/\/cic-analytic.com\/hydropath\/producto\/hydro-flow-s38\/#breadcrumb","itemListElement":[{"@type":"ListItem","position":1,"name":"Portada","item":"https:\/\/cic-analytic.com\/hydropath\/"},{"@type":"ListItem","position":2,"name":"Productos","item":"https:\/\/cic-analytic.com\/hydropath\/productos\/"},{"@type":"ListItem","position":3,"name":"Hydro FLOW S38"}]},{"@type":"WebSite","@id":"https:\/\/cic-analytic.com\/hydropath\/#website","url":"https:\/\/cic-analytic.com\/hydropath\/","name":"Hydropath","description":"Hydropath Tecnology","publisher":{"@id":"https:\/\/cic-analytic.com\/hydropath\/#organization"},"potentialAction":[{"@type":"SearchAction","target":{"@type":"EntryPoint","urlTemplate":"https:\/\/cic-analytic.com\/hydropath\/?s={search_term_string}"},"query-input":"required name=search_term_string"}],"inLanguage":"es"},{"@type":"Organization","@id":"https:\/\/cic-analytic.com\/hydropath\/#organization","name":"Hydropath","url":"https:\/\/cic-analytic.com\/hydropath\/","logo":{"@type":"ImageObject","inLanguage":"es","@id":"https:\/\/cic-analytic.com\/hydropath\/#\/schema\/logo\/image\/","url":"https:\/\/cic-analytic.com\/hydropath\/wp-content\/uploads\/sites\/2\/2018\/02\/logo_hydropath-cic.png","contentUrl":"https:\/\/cic-analytic.com\/hydropath\/wp-content\/uploads\/sites\/2\/2018\/02\/logo_hydropath-cic.png","width":293,"height":42,"caption":"Hydropath"},"image":{"@id":"https:\/\/cic-analytic.com\/hydropath\/#\/schema\/logo\/image\/"},"sameAs":["https:\/\/ar.linkedin.com\/company\/cic-international-analytic"]}]}},"_links":{"self":[{"href":"https:\/\/cic-analytic.com\/hydropath\/wp-json\/wp\/v2\/product\/98"}],"collection":[{"href":"https:\/\/cic-analytic.com\/hydropath\/wp-json\/wp\/v2\/product"}],"about":[{"href":"https:\/\/cic-analytic.com\/hydropath\/wp-json\/wp\/v2\/types\/product"}],"wp:featuredmedia":[{"embeddable":true,"href":"https:\/\/cic-analytic.com\/hydropath\/wp-json\/"}],"wp:attachment":[{"href":"https:\/\/cic-analytic.com\/hydropath\/wp-json\/wp\/v2\/media?parent=98"}],"curies":[{"name":"wp","href":"https:\/\/api.w.org\/{rel}","templated":true}]}}