{"id":85,"date":"2018-02-14T16:07:15","date_gmt":"2018-02-14T16:07:15","guid":{"rendered":"http:\/\/cic-analytic.com\/hydropath\/?post_type=product&#038;p=85"},"modified":"2018-03-04T23:42:31","modified_gmt":"2018-03-04T23:42:31","slug":"hydro-flow-hs38","status":"publish","type":"product","link":"https:\/\/cic-analytic.com\/hydropath\/producto\/hydro-flow-hs38\/","title":{"rendered":"Hydro FLOW HS38"},"content":{"rendered":"<p><img loading=\"lazy\" decoding=\"async\" class=\"size-full wp-image-162 aligncenter\" src=\"http:\/\/cic-analytic.com\/hydropath\/wp-content\/uploads\/sites\/2\/2018\/02\/ap_hd.png\" alt=\"\" width=\"629\" height=\"79\" srcset=\"https:\/\/cic-analytic.com\/hydropath\/wp-content\/uploads\/sites\/2\/2018\/02\/ap_hd.png 629w, https:\/\/cic-analytic.com\/hydropath\/wp-content\/uploads\/sites\/2\/2018\/02\/ap_hd-300x38.png 300w, https:\/\/cic-analytic.com\/hydropath\/wp-content\/uploads\/sites\/2\/2018\/02\/ap_hd-600x75.png 600w\" sizes=\"(max-width: 629px) 100vw, 629px\" \/><\/p>\n<p>Las incrustaciones de sarro pueden ser un problema importante en \u00e1reas con agua dura, causando obstrucciones, requiriendo el reemplazo de equipos y disminuyendo la eficiencia de la calefacci\u00f3n y, por lo tanto, aumentando los costos. Tan solo 0,8 mm de cal puede disminuir la eficiencia de calentamiento hasta en un 10%. Las observaciones han demostrado que el uso de un HS38 puede, con el tiempo, lograr una reducci\u00f3n de las incrustaciones de cal dura y problem\u00e1tica existentes en las superficies de calentamiento. Menos incrustaciones de sarro significa una mayor eficiencia.<\/p>\n<p>Hydro FLOW HS38 tiene un dise\u00f1o innovador patentado y se\u00f1al electr\u00f3nica \u00fanica, el HS38 es adecuado para su instalaci\u00f3n en casas de hasta cuatro dormitorios, y puede proteger las calderas combinadas, as\u00ed como los cilindros ventilados y sin ventilaci\u00f3n.<\/p>\n<p>El HS38 est\u00e1 dise\u00f1ado para proteger contra dep\u00f3sitos de sarro en tuber\u00edas dom\u00e9sticas y en elementos y superficies de calentamiento, para proteger electrodom\u00e9sticos como lavaplatos y lavadoras, y para facilitar la limpieza de grifos, y ba\u00f1eras con manchas de sarro.<\/p>\n<p><img loading=\"lazy\" decoding=\"async\" class=\"alignnone size-full wp-image-159\" src=\"http:\/\/cic-analytic.com\/hydropath\/wp-content\/uploads\/sites\/2\/2018\/02\/iso1.gif\" alt=\"\" width=\"460\" height=\"79\" \/><\/p>\n","protected":false},"excerpt":{"rendered":"<p>Hydro FLOW HS38 tiene un dise\u00f1o innovador patentado y se\u00f1al electr\u00f3nica \u00fanica, el HS38 es adecuado para su instalaci\u00f3n en casas de hasta cuatro dormitorios, y puede proteger las calderas combinadas, as\u00ed como los cilindros ventilados y sin ventilaci\u00f3n.<\/p>\n<p>&nbsp;<\/p>\n<table>\n<tbody>\n<tr>\n<td><img loading=\"lazy\" decoding=\"async\" class=\"alignnone size-full wp-image-233\" src=\"http:\/\/cic-analytic.com\/hydropath\/wp-content\/uploads\/sites\/2\/2018\/02\/iso_verde.png\" alt=\"\" width=\"79\" height=\"79\" srcset=\"https:\/\/cic-analytic.com\/hydropath\/wp-content\/uploads\/sites\/2\/2018\/02\/iso_verde.png 79w, https:\/\/cic-analytic.com\/hydropath\/wp-content\/uploads\/sites\/2\/2018\/02\/iso_verde-73x73.png 73w\" sizes=\"(max-width: 79px) 100vw, 79px\" \/><\/td>\n<td><strong>Remueve\u00a0nuevas\u00a0part\u00edculas\u00a0de sarro<\/strong><\/td>\n<\/tr>\n<tr>\n<td><img loading=\"lazy\" decoding=\"async\" class=\"alignnone size-full wp-image-231\" src=\"http:\/\/cic-analytic.com\/hydropath\/wp-content\/uploads\/sites\/2\/2018\/02\/iso_azul.png\" alt=\"\" width=\"79\" height=\"79\" srcset=\"https:\/\/cic-analytic.com\/hydropath\/wp-content\/uploads\/sites\/2\/2018\/02\/iso_azul.png 79w, https:\/\/cic-analytic.com\/hydropath\/wp-content\/uploads\/sites\/2\/2018\/02\/iso_azul-73x73.png 73w\" sizes=\"(max-width: 79px) 100vw, 79px\" \/><\/td>\n<td><strong>Remueve\u00a0sarro\u00a0existente<\/strong><\/td>\n<\/tr>\n<tr>\n<td><img loading=\"lazy\" decoding=\"async\" class=\"alignnone size-full wp-image-232\" src=\"http:\/\/cic-analytic.com\/hydropath\/wp-content\/uploads\/sites\/2\/2018\/02\/iso_fucsia.png\" alt=\"\" width=\"79\" height=\"79\" srcset=\"https:\/\/cic-analytic.com\/hydropath\/wp-content\/uploads\/sites\/2\/2018\/02\/iso_fucsia.png 79w, https:\/\/cic-analytic.com\/hydropath\/wp-content\/uploads\/sites\/2\/2018\/02\/iso_fucsia-73x73.png 73w\" sizes=\"(max-width: 79px) 100vw, 79px\" \/><\/td>\n<td><strong>Tama\u00f1os\u00a0est\u00e1ndar\u00a0hasta 38mm<\/strong><\/td>\n<\/tr>\n<\/tbody>\n<\/table>\n","protected":false},"featured_media":41,"template":"","meta":[],"yoast_head":"<!-- This site is optimized with the Yoast SEO plugin v22.6 - https:\/\/yoast.com\/wordpress\/plugins\/seo\/ -->\n<title>Hydro FLOW HS38 &#8226; Hydropath<\/title>\n<meta name=\"robots\" content=\"index, follow, max-snippet:-1, max-image-preview:large, max-video-preview:-1\" \/>\n<link rel=\"canonical\" href=\"https:\/\/cic-analytic.com\/hydropath\/producto\/hydro-flow-hs38\/\" \/>\n<meta property=\"og:locale\" content=\"es_ES\" \/>\n<meta property=\"og:type\" content=\"article\" \/>\n<meta property=\"og:title\" content=\"Hydro FLOW HS38 &#8226; Hydropath\" \/>\n<meta property=\"og:description\" content=\"Hydro FLOW HS38 tiene un dise\u00f1o innovador patentado y se\u00f1al electr\u00f3nica \u00fanica, el HS38 es adecuado para su instalaci\u00f3n en casas de hasta cuatro dormitorios, y puede proteger las calderas combinadas, as\u00ed como los cilindros ventilados y sin ventilaci\u00f3n.  &nbsp;     Remueve\u00a0nuevas\u00a0part\u00edculas\u00a0de sarro    Remueve\u00a0sarro\u00a0existente    Tama\u00f1os\u00a0est\u00e1ndar\u00a0hasta 38mm\" \/>\n<meta property=\"og:url\" content=\"https:\/\/cic-analytic.com\/hydropath\/producto\/hydro-flow-hs38\/\" \/>\n<meta property=\"og:site_name\" content=\"Hydropath\" \/>\n<meta property=\"article:modified_time\" content=\"2018-03-04T23:42:31+00:00\" \/>\n<meta property=\"og:image\" content=\"https:\/\/cic-analytic.com\/hydropath\/wp-content\/uploads\/sites\/2\/2018\/02\/HYDROPATH-HS38-1.jpg\" \/>\n\t<meta property=\"og:image:width\" content=\"2560\" \/>\n\t<meta property=\"og:image:height\" content=\"1440\" \/>\n\t<meta property=\"og:image:type\" content=\"image\/jpeg\" \/>\n<meta name=\"twitter:card\" content=\"summary_large_image\" \/>\n<meta name=\"twitter:label1\" content=\"Tiempo de lectura\" \/>\n\t<meta name=\"twitter:data1\" content=\"1 minuto\" \/>\n<script type=\"application\/ld+json\" class=\"yoast-schema-graph\">{\"@context\":\"https:\/\/schema.org\",\"@graph\":[{\"@type\":\"WebPage\",\"@id\":\"https:\/\/cic-analytic.com\/hydropath\/producto\/hydro-flow-hs38\/\",\"url\":\"https:\/\/cic-analytic.com\/hydropath\/producto\/hydro-flow-hs38\/\",\"name\":\"Hydro FLOW HS38 &#8226; Hydropath\",\"isPartOf\":{\"@id\":\"https:\/\/cic-analytic.com\/hydropath\/#website\"},\"primaryImageOfPage\":{\"@id\":\"https:\/\/cic-analytic.com\/hydropath\/producto\/hydro-flow-hs38\/#primaryimage\"},\"image\":{\"@id\":\"https:\/\/cic-analytic.com\/hydropath\/producto\/hydro-flow-hs38\/#primaryimage\"},\"thumbnailUrl\":\"https:\/\/cic-analytic.com\/hydropath\/wp-content\/uploads\/sites\/2\/2018\/02\/HYDROPATH-HS38-1.jpg\",\"datePublished\":\"2018-02-14T16:07:15+00:00\",\"dateModified\":\"2018-03-04T23:42:31+00:00\",\"breadcrumb\":{\"@id\":\"https:\/\/cic-analytic.com\/hydropath\/producto\/hydro-flow-hs38\/#breadcrumb\"},\"inLanguage\":\"es\",\"potentialAction\":[{\"@type\":\"ReadAction\",\"target\":[\"https:\/\/cic-analytic.com\/hydropath\/producto\/hydro-flow-hs38\/\"]}]},{\"@type\":\"ImageObject\",\"inLanguage\":\"es\",\"@id\":\"https:\/\/cic-analytic.com\/hydropath\/producto\/hydro-flow-hs38\/#primaryimage\",\"url\":\"https:\/\/cic-analytic.com\/hydropath\/wp-content\/uploads\/sites\/2\/2018\/02\/HYDROPATH-HS38-1.jpg\",\"contentUrl\":\"https:\/\/cic-analytic.com\/hydropath\/wp-content\/uploads\/sites\/2\/2018\/02\/HYDROPATH-HS38-1.jpg\",\"width\":2560,\"height\":1440},{\"@type\":\"BreadcrumbList\",\"@id\":\"https:\/\/cic-analytic.com\/hydropath\/producto\/hydro-flow-hs38\/#breadcrumb\",\"itemListElement\":[{\"@type\":\"ListItem\",\"position\":1,\"name\":\"Portada\",\"item\":\"https:\/\/cic-analytic.com\/hydropath\/\"},{\"@type\":\"ListItem\",\"position\":2,\"name\":\"Productos\",\"item\":\"https:\/\/cic-analytic.com\/hydropath\/productos\/\"},{\"@type\":\"ListItem\",\"position\":3,\"name\":\"Hydro FLOW HS38\"}]},{\"@type\":\"WebSite\",\"@id\":\"https:\/\/cic-analytic.com\/hydropath\/#website\",\"url\":\"https:\/\/cic-analytic.com\/hydropath\/\",\"name\":\"Hydropath\",\"description\":\"Hydropath Tecnology\",\"publisher\":{\"@id\":\"https:\/\/cic-analytic.com\/hydropath\/#organization\"},\"potentialAction\":[{\"@type\":\"SearchAction\",\"target\":{\"@type\":\"EntryPoint\",\"urlTemplate\":\"https:\/\/cic-analytic.com\/hydropath\/?s={search_term_string}\"},\"query-input\":\"required name=search_term_string\"}],\"inLanguage\":\"es\"},{\"@type\":\"Organization\",\"@id\":\"https:\/\/cic-analytic.com\/hydropath\/#organization\",\"name\":\"Hydropath\",\"url\":\"https:\/\/cic-analytic.com\/hydropath\/\",\"logo\":{\"@type\":\"ImageObject\",\"inLanguage\":\"es\",\"@id\":\"https:\/\/cic-analytic.com\/hydropath\/#\/schema\/logo\/image\/\",\"url\":\"https:\/\/cic-analytic.com\/hydropath\/wp-content\/uploads\/sites\/2\/2018\/02\/logo_hydropath-cic.png\",\"contentUrl\":\"https:\/\/cic-analytic.com\/hydropath\/wp-content\/uploads\/sites\/2\/2018\/02\/logo_hydropath-cic.png\",\"width\":293,\"height\":42,\"caption\":\"Hydropath\"},\"image\":{\"@id\":\"https:\/\/cic-analytic.com\/hydropath\/#\/schema\/logo\/image\/\"},\"sameAs\":[\"https:\/\/ar.linkedin.com\/company\/cic-international-analytic\"]}]}<\/script>\n<!-- \/ Yoast SEO plugin. -->","yoast_head_json":{"title":"Hydro FLOW HS38 &#8226; Hydropath","robots":{"index":"index","follow":"follow","max-snippet":"max-snippet:-1","max-image-preview":"max-image-preview:large","max-video-preview":"max-video-preview:-1"},"canonical":"https:\/\/cic-analytic.com\/hydropath\/producto\/hydro-flow-hs38\/","og_locale":"es_ES","og_type":"article","og_title":"Hydro FLOW HS38 &#8226; Hydropath","og_description":"Hydro FLOW HS38 tiene un dise\u00f1o innovador patentado y se\u00f1al electr\u00f3nica \u00fanica, el HS38 es adecuado para su instalaci\u00f3n en casas de hasta cuatro dormitorios, y puede proteger las calderas combinadas, as\u00ed como los cilindros ventilados y sin ventilaci\u00f3n.  &nbsp;     Remueve\u00a0nuevas\u00a0part\u00edculas\u00a0de sarro    Remueve\u00a0sarro\u00a0existente    Tama\u00f1os\u00a0est\u00e1ndar\u00a0hasta 38mm","og_url":"https:\/\/cic-analytic.com\/hydropath\/producto\/hydro-flow-hs38\/","og_site_name":"Hydropath","article_modified_time":"2018-03-04T23:42:31+00:00","og_image":[{"width":2560,"height":1440,"url":"https:\/\/cic-analytic.com\/hydropath\/wp-content\/uploads\/sites\/2\/2018\/02\/HYDROPATH-HS38-1.jpg","type":"image\/jpeg"}],"twitter_card":"summary_large_image","twitter_misc":{"Tiempo de lectura":"1 minuto"},"schema":{"@context":"https:\/\/schema.org","@graph":[{"@type":"WebPage","@id":"https:\/\/cic-analytic.com\/hydropath\/producto\/hydro-flow-hs38\/","url":"https:\/\/cic-analytic.com\/hydropath\/producto\/hydro-flow-hs38\/","name":"Hydro FLOW HS38 &#8226; Hydropath","isPartOf":{"@id":"https:\/\/cic-analytic.com\/hydropath\/#website"},"primaryImageOfPage":{"@id":"https:\/\/cic-analytic.com\/hydropath\/producto\/hydro-flow-hs38\/#primaryimage"},"image":{"@id":"https:\/\/cic-analytic.com\/hydropath\/producto\/hydro-flow-hs38\/#primaryimage"},"thumbnailUrl":"https:\/\/cic-analytic.com\/hydropath\/wp-content\/uploads\/sites\/2\/2018\/02\/HYDROPATH-HS38-1.jpg","datePublished":"2018-02-14T16:07:15+00:00","dateModified":"2018-03-04T23:42:31+00:00","breadcrumb":{"@id":"https:\/\/cic-analytic.com\/hydropath\/producto\/hydro-flow-hs38\/#breadcrumb"},"inLanguage":"es","potentialAction":[{"@type":"ReadAction","target":["https:\/\/cic-analytic.com\/hydropath\/producto\/hydro-flow-hs38\/"]}]},{"@type":"ImageObject","inLanguage":"es","@id":"https:\/\/cic-analytic.com\/hydropath\/producto\/hydro-flow-hs38\/#primaryimage","url":"https:\/\/cic-analytic.com\/hydropath\/wp-content\/uploads\/sites\/2\/2018\/02\/HYDROPATH-HS38-1.jpg","contentUrl":"https:\/\/cic-analytic.com\/hydropath\/wp-content\/uploads\/sites\/2\/2018\/02\/HYDROPATH-HS38-1.jpg","width":2560,"height":1440},{"@type":"BreadcrumbList","@id":"https:\/\/cic-analytic.com\/hydropath\/producto\/hydro-flow-hs38\/#breadcrumb","itemListElement":[{"@type":"ListItem","position":1,"name":"Portada","item":"https:\/\/cic-analytic.com\/hydropath\/"},{"@type":"ListItem","position":2,"name":"Productos","item":"https:\/\/cic-analytic.com\/hydropath\/productos\/"},{"@type":"ListItem","position":3,"name":"Hydro FLOW HS38"}]},{"@type":"WebSite","@id":"https:\/\/cic-analytic.com\/hydropath\/#website","url":"https:\/\/cic-analytic.com\/hydropath\/","name":"Hydropath","description":"Hydropath Tecnology","publisher":{"@id":"https:\/\/cic-analytic.com\/hydropath\/#organization"},"potentialAction":[{"@type":"SearchAction","target":{"@type":"EntryPoint","urlTemplate":"https:\/\/cic-analytic.com\/hydropath\/?s={search_term_string}"},"query-input":"required name=search_term_string"}],"inLanguage":"es"},{"@type":"Organization","@id":"https:\/\/cic-analytic.com\/hydropath\/#organization","name":"Hydropath","url":"https:\/\/cic-analytic.com\/hydropath\/","logo":{"@type":"ImageObject","inLanguage":"es","@id":"https:\/\/cic-analytic.com\/hydropath\/#\/schema\/logo\/image\/","url":"https:\/\/cic-analytic.com\/hydropath\/wp-content\/uploads\/sites\/2\/2018\/02\/logo_hydropath-cic.png","contentUrl":"https:\/\/cic-analytic.com\/hydropath\/wp-content\/uploads\/sites\/2\/2018\/02\/logo_hydropath-cic.png","width":293,"height":42,"caption":"Hydropath"},"image":{"@id":"https:\/\/cic-analytic.com\/hydropath\/#\/schema\/logo\/image\/"},"sameAs":["https:\/\/ar.linkedin.com\/company\/cic-international-analytic"]}]}},"_links":{"self":[{"href":"https:\/\/cic-analytic.com\/hydropath\/wp-json\/wp\/v2\/product\/85"}],"collection":[{"href":"https:\/\/cic-analytic.com\/hydropath\/wp-json\/wp\/v2\/product"}],"about":[{"href":"https:\/\/cic-analytic.com\/hydropath\/wp-json\/wp\/v2\/types\/product"}],"wp:featuredmedia":[{"embeddable":true,"href":"https:\/\/cic-analytic.com\/hydropath\/wp-json\/wp\/v2\/media\/41"}],"wp:attachment":[{"href":"https:\/\/cic-analytic.com\/hydropath\/wp-json\/wp\/v2\/media?parent=85"}],"curies":[{"name":"wp","href":"https:\/\/api.w.org\/{rel}","templated":true}]}}