{"id":109,"date":"2018-02-14T17:58:54","date_gmt":"2018-02-14T17:58:54","guid":{"rendered":"http:\/\/cic-analytic.com\/hydropath\/?post_type=product&#038;p=109"},"modified":"2018-03-05T00:34:55","modified_gmt":"2018-03-05T00:34:55","slug":"hydro-flow-p","status":"publish","type":"product","link":"https:\/\/cic-analytic.com\/hydropath\/producto\/hydro-flow-p\/","title":{"rendered":"Hydro FLOW P"},"content":{"rendered":"<p><strong>Mejore la calidad del agua para aplicaciones comerciales<br \/>\n<\/strong><br \/>\nEl Hydro FLOW P RANGE AQUAKLEAR est\u00e1 dise\u00f1ado para mejorar la calidad del agua tanto en piscinas comerciales como en torres de refrigeraci\u00f3n.<\/p>\n<p>Las piscinas pueden sufrir altos niveles de cloraminas y olor a cloro. El lavado a contracorriente de los filtros significa que el dinero se gasta en las aguas residuales y las cargas de agua, as\u00ed como en el calentamiento adicional del agua. El material de floculaci\u00f3n mejora la filtraci\u00f3n y reduce el retrolavado, lo que se traduce en menor el consumo de energ\u00eda, el agua y las cargas de efluentes, y tambi\u00e9n reduce los niveles de cloramina y el olor asociado.<\/p>\n<p>En las torres de enfriamiento, el material de floculaci\u00f3n reduce de manera similar la cantidad de agua de reposici\u00f3n requerida y mejora la calidad del agua. La prevenci\u00f3n y eliminaci\u00f3n de incrustaciones calc\u00e1reas en los intercambiadores de calor y la torre en s\u00ed reduce los costos de mantenimiento y mejora su eficiencia general. El P RANGE AQUAKLEAR est\u00e1 dise\u00f1ado para reducir los niveles de bacterias, mejorar la filtraci\u00f3n para reducir la turbidez y reducir el retrolavado, y es adecuado para piscinas comerciales y torres de enfriamiento. Las unidades est\u00e1ndar P RANGE est\u00e1n disponibles en varios tama\u00f1os para adaptarse a tuber\u00edas de cualquier material de hasta 200 mm de di\u00e1metro.<\/p>\n","protected":false},"excerpt":{"rendered":"<p><strong>Mejore la calidad del agua para aplicaciones comerciales<br \/>\n<\/strong><br \/>\nEl Hydro FLOW P RANGE AQUAKLEAR est\u00e1 dise\u00f1ado para mejorar la calidad del agua tanto en piscinas comerciales como en torres de refrigeraci\u00f3n.<\/p>\n<table>\n<tbody>\n<tr>\n<td><img loading=\"lazy\" decoding=\"async\" class=\"alignnone size-full wp-image-233\" src=\"http:\/\/cic-analytic.com\/hydropath\/wp-content\/uploads\/sites\/2\/2018\/02\/iso_verde.png\" alt=\"\" width=\"79\" height=\"79\" srcset=\"https:\/\/cic-analytic.com\/hydropath\/wp-content\/uploads\/sites\/2\/2018\/02\/iso_verde.png 79w, https:\/\/cic-analytic.com\/hydropath\/wp-content\/uploads\/sites\/2\/2018\/02\/iso_verde-73x73.png 73w\" sizes=\"(max-width: 79px) 100vw, 79px\" \/><\/td>\n<td><strong>Control de bioincrustaci\u00f3n<\/strong><\/td>\n<\/tr>\n<tr>\n<td><img loading=\"lazy\" decoding=\"async\" class=\"alignnone wp-image-369\" src=\"http:\/\/cic-analytic.com\/hydropath\/wp-content\/uploads\/sites\/2\/2018\/03\/icon_chemical_reduction_blue.png\" alt=\"\" width=\"80\" height=\"80\" srcset=\"https:\/\/cic-analytic.com\/hydropath\/wp-content\/uploads\/sites\/2\/2018\/03\/icon_chemical_reduction_blue.png 100w, https:\/\/cic-analytic.com\/hydropath\/wp-content\/uploads\/sites\/2\/2018\/03\/icon_chemical_reduction_blue-73x73.png 73w\" sizes=\"(max-width: 80px) 100vw, 80px\" \/><\/td>\n<td><strong>Mejora la filtraci\u00f3n<\/strong><\/td>\n<\/tr>\n<tr>\n<td><img loading=\"lazy\" decoding=\"async\" class=\"alignnone size-full wp-image-232\" src=\"http:\/\/cic-analytic.com\/hydropath\/wp-content\/uploads\/sites\/2\/2018\/02\/iso_fucsia.png\" alt=\"\" width=\"79\" height=\"79\" srcset=\"https:\/\/cic-analytic.com\/hydropath\/wp-content\/uploads\/sites\/2\/2018\/02\/iso_fucsia.png 79w, https:\/\/cic-analytic.com\/hydropath\/wp-content\/uploads\/sites\/2\/2018\/02\/iso_fucsia-73x73.png 73w\" sizes=\"(max-width: 79px) 100vw, 79px\" \/><\/td>\n<td><strong>Tama\u00f1os est\u00e1ndar hasta 200 mm<\/strong><\/td>\n<\/tr>\n<\/tbody>\n<\/table>\n","protected":false},"featured_media":112,"template":"","meta":[],"yoast_head":"<!-- This site is optimized with the Yoast SEO plugin v22.6 - https:\/\/yoast.com\/wordpress\/plugins\/seo\/ -->\n<title>Hydro FLOW P &#8226; Hydropath<\/title>\n<meta name=\"robots\" content=\"index, follow, max-snippet:-1, max-image-preview:large, max-video-preview:-1\" \/>\n<link rel=\"canonical\" href=\"https:\/\/cic-analytic.com\/hydropath\/producto\/hydro-flow-p\/\" \/>\n<meta property=\"og:locale\" content=\"es_ES\" \/>\n<meta property=\"og:type\" content=\"article\" \/>\n<meta property=\"og:title\" content=\"Hydro FLOW P &#8226; Hydropath\" \/>\n<meta property=\"og:description\" content=\"Mejore la calidad del agua para aplicaciones comerciales  El Hydro FLOW P RANGE AQUAKLEAR est\u00e1 dise\u00f1ado para mejorar la calidad del agua tanto en piscinas comerciales como en torres de refrigeraci\u00f3n.     Control de bioincrustaci\u00f3n    Mejora la filtraci\u00f3n    Tama\u00f1os est\u00e1ndar hasta 200 mm\" \/>\n<meta property=\"og:url\" content=\"https:\/\/cic-analytic.com\/hydropath\/producto\/hydro-flow-p\/\" \/>\n<meta property=\"og:site_name\" content=\"Hydropath\" \/>\n<meta property=\"article:modified_time\" content=\"2018-03-05T00:34:55+00:00\" \/>\n<meta property=\"og:image\" content=\"https:\/\/cic-analytic.com\/hydropath\/wp-content\/uploads\/sites\/2\/2018\/02\/p_1_21.jpg\" \/>\n\t<meta property=\"og:image:width\" content=\"1200\" \/>\n\t<meta property=\"og:image:height\" content=\"900\" \/>\n\t<meta property=\"og:image:type\" content=\"image\/jpeg\" \/>\n<meta name=\"twitter:card\" content=\"summary_large_image\" \/>\n<meta name=\"twitter:label1\" content=\"Tiempo de lectura\" \/>\n\t<meta name=\"twitter:data1\" content=\"1 minuto\" \/>\n<script type=\"application\/ld+json\" class=\"yoast-schema-graph\">{\"@context\":\"https:\/\/schema.org\",\"@graph\":[{\"@type\":\"WebPage\",\"@id\":\"https:\/\/cic-analytic.com\/hydropath\/producto\/hydro-flow-p\/\",\"url\":\"https:\/\/cic-analytic.com\/hydropath\/producto\/hydro-flow-p\/\",\"name\":\"Hydro FLOW P &#8226; Hydropath\",\"isPartOf\":{\"@id\":\"https:\/\/cic-analytic.com\/hydropath\/#website\"},\"primaryImageOfPage\":{\"@id\":\"https:\/\/cic-analytic.com\/hydropath\/producto\/hydro-flow-p\/#primaryimage\"},\"image\":{\"@id\":\"https:\/\/cic-analytic.com\/hydropath\/producto\/hydro-flow-p\/#primaryimage\"},\"thumbnailUrl\":\"https:\/\/cic-analytic.com\/hydropath\/wp-content\/uploads\/sites\/2\/2018\/02\/p_1_21.jpg\",\"datePublished\":\"2018-02-14T17:58:54+00:00\",\"dateModified\":\"2018-03-05T00:34:55+00:00\",\"breadcrumb\":{\"@id\":\"https:\/\/cic-analytic.com\/hydropath\/producto\/hydro-flow-p\/#breadcrumb\"},\"inLanguage\":\"es\",\"potentialAction\":[{\"@type\":\"ReadAction\",\"target\":[\"https:\/\/cic-analytic.com\/hydropath\/producto\/hydro-flow-p\/\"]}]},{\"@type\":\"ImageObject\",\"inLanguage\":\"es\",\"@id\":\"https:\/\/cic-analytic.com\/hydropath\/producto\/hydro-flow-p\/#primaryimage\",\"url\":\"https:\/\/cic-analytic.com\/hydropath\/wp-content\/uploads\/sites\/2\/2018\/02\/p_1_21.jpg\",\"contentUrl\":\"https:\/\/cic-analytic.com\/hydropath\/wp-content\/uploads\/sites\/2\/2018\/02\/p_1_21.jpg\",\"width\":1200,\"height\":900},{\"@type\":\"BreadcrumbList\",\"@id\":\"https:\/\/cic-analytic.com\/hydropath\/producto\/hydro-flow-p\/#breadcrumb\",\"itemListElement\":[{\"@type\":\"ListItem\",\"position\":1,\"name\":\"Portada\",\"item\":\"https:\/\/cic-analytic.com\/hydropath\/\"},{\"@type\":\"ListItem\",\"position\":2,\"name\":\"Productos\",\"item\":\"https:\/\/cic-analytic.com\/hydropath\/productos\/\"},{\"@type\":\"ListItem\",\"position\":3,\"name\":\"Hydro FLOW P\"}]},{\"@type\":\"WebSite\",\"@id\":\"https:\/\/cic-analytic.com\/hydropath\/#website\",\"url\":\"https:\/\/cic-analytic.com\/hydropath\/\",\"name\":\"Hydropath\",\"description\":\"Hydropath Tecnology\",\"publisher\":{\"@id\":\"https:\/\/cic-analytic.com\/hydropath\/#organization\"},\"potentialAction\":[{\"@type\":\"SearchAction\",\"target\":{\"@type\":\"EntryPoint\",\"urlTemplate\":\"https:\/\/cic-analytic.com\/hydropath\/?s={search_term_string}\"},\"query-input\":\"required name=search_term_string\"}],\"inLanguage\":\"es\"},{\"@type\":\"Organization\",\"@id\":\"https:\/\/cic-analytic.com\/hydropath\/#organization\",\"name\":\"Hydropath\",\"url\":\"https:\/\/cic-analytic.com\/hydropath\/\",\"logo\":{\"@type\":\"ImageObject\",\"inLanguage\":\"es\",\"@id\":\"https:\/\/cic-analytic.com\/hydropath\/#\/schema\/logo\/image\/\",\"url\":\"https:\/\/cic-analytic.com\/hydropath\/wp-content\/uploads\/sites\/2\/2018\/02\/logo_hydropath-cic.png\",\"contentUrl\":\"https:\/\/cic-analytic.com\/hydropath\/wp-content\/uploads\/sites\/2\/2018\/02\/logo_hydropath-cic.png\",\"width\":293,\"height\":42,\"caption\":\"Hydropath\"},\"image\":{\"@id\":\"https:\/\/cic-analytic.com\/hydropath\/#\/schema\/logo\/image\/\"},\"sameAs\":[\"https:\/\/ar.linkedin.com\/company\/cic-international-analytic\"]}]}<\/script>\n<!-- \/ Yoast SEO plugin. -->","yoast_head_json":{"title":"Hydro FLOW P &#8226; Hydropath","robots":{"index":"index","follow":"follow","max-snippet":"max-snippet:-1","max-image-preview":"max-image-preview:large","max-video-preview":"max-video-preview:-1"},"canonical":"https:\/\/cic-analytic.com\/hydropath\/producto\/hydro-flow-p\/","og_locale":"es_ES","og_type":"article","og_title":"Hydro FLOW P &#8226; Hydropath","og_description":"Mejore la calidad del agua para aplicaciones comerciales  El Hydro FLOW P RANGE AQUAKLEAR est\u00e1 dise\u00f1ado para mejorar la calidad del agua tanto en piscinas comerciales como en torres de refrigeraci\u00f3n.     Control de bioincrustaci\u00f3n    Mejora la filtraci\u00f3n    Tama\u00f1os est\u00e1ndar hasta 200 mm","og_url":"https:\/\/cic-analytic.com\/hydropath\/producto\/hydro-flow-p\/","og_site_name":"Hydropath","article_modified_time":"2018-03-05T00:34:55+00:00","og_image":[{"width":1200,"height":900,"url":"https:\/\/cic-analytic.com\/hydropath\/wp-content\/uploads\/sites\/2\/2018\/02\/p_1_21.jpg","type":"image\/jpeg"}],"twitter_card":"summary_large_image","twitter_misc":{"Tiempo de lectura":"1 minuto"},"schema":{"@context":"https:\/\/schema.org","@graph":[{"@type":"WebPage","@id":"https:\/\/cic-analytic.com\/hydropath\/producto\/hydro-flow-p\/","url":"https:\/\/cic-analytic.com\/hydropath\/producto\/hydro-flow-p\/","name":"Hydro FLOW P &#8226; Hydropath","isPartOf":{"@id":"https:\/\/cic-analytic.com\/hydropath\/#website"},"primaryImageOfPage":{"@id":"https:\/\/cic-analytic.com\/hydropath\/producto\/hydro-flow-p\/#primaryimage"},"image":{"@id":"https:\/\/cic-analytic.com\/hydropath\/producto\/hydro-flow-p\/#primaryimage"},"thumbnailUrl":"https:\/\/cic-analytic.com\/hydropath\/wp-content\/uploads\/sites\/2\/2018\/02\/p_1_21.jpg","datePublished":"2018-02-14T17:58:54+00:00","dateModified":"2018-03-05T00:34:55+00:00","breadcrumb":{"@id":"https:\/\/cic-analytic.com\/hydropath\/producto\/hydro-flow-p\/#breadcrumb"},"inLanguage":"es","potentialAction":[{"@type":"ReadAction","target":["https:\/\/cic-analytic.com\/hydropath\/producto\/hydro-flow-p\/"]}]},{"@type":"ImageObject","inLanguage":"es","@id":"https:\/\/cic-analytic.com\/hydropath\/producto\/hydro-flow-p\/#primaryimage","url":"https:\/\/cic-analytic.com\/hydropath\/wp-content\/uploads\/sites\/2\/2018\/02\/p_1_21.jpg","contentUrl":"https:\/\/cic-analytic.com\/hydropath\/wp-content\/uploads\/sites\/2\/2018\/02\/p_1_21.jpg","width":1200,"height":900},{"@type":"BreadcrumbList","@id":"https:\/\/cic-analytic.com\/hydropath\/producto\/hydro-flow-p\/#breadcrumb","itemListElement":[{"@type":"ListItem","position":1,"name":"Portada","item":"https:\/\/cic-analytic.com\/hydropath\/"},{"@type":"ListItem","position":2,"name":"Productos","item":"https:\/\/cic-analytic.com\/hydropath\/productos\/"},{"@type":"ListItem","position":3,"name":"Hydro FLOW P"}]},{"@type":"WebSite","@id":"https:\/\/cic-analytic.com\/hydropath\/#website","url":"https:\/\/cic-analytic.com\/hydropath\/","name":"Hydropath","description":"Hydropath Tecnology","publisher":{"@id":"https:\/\/cic-analytic.com\/hydropath\/#organization"},"potentialAction":[{"@type":"SearchAction","target":{"@type":"EntryPoint","urlTemplate":"https:\/\/cic-analytic.com\/hydropath\/?s={search_term_string}"},"query-input":"required name=search_term_string"}],"inLanguage":"es"},{"@type":"Organization","@id":"https:\/\/cic-analytic.com\/hydropath\/#organization","name":"Hydropath","url":"https:\/\/cic-analytic.com\/hydropath\/","logo":{"@type":"ImageObject","inLanguage":"es","@id":"https:\/\/cic-analytic.com\/hydropath\/#\/schema\/logo\/image\/","url":"https:\/\/cic-analytic.com\/hydropath\/wp-content\/uploads\/sites\/2\/2018\/02\/logo_hydropath-cic.png","contentUrl":"https:\/\/cic-analytic.com\/hydropath\/wp-content\/uploads\/sites\/2\/2018\/02\/logo_hydropath-cic.png","width":293,"height":42,"caption":"Hydropath"},"image":{"@id":"https:\/\/cic-analytic.com\/hydropath\/#\/schema\/logo\/image\/"},"sameAs":["https:\/\/ar.linkedin.com\/company\/cic-international-analytic"]}]}},"_links":{"self":[{"href":"https:\/\/cic-analytic.com\/hydropath\/wp-json\/wp\/v2\/product\/109"}],"collection":[{"href":"https:\/\/cic-analytic.com\/hydropath\/wp-json\/wp\/v2\/product"}],"about":[{"href":"https:\/\/cic-analytic.com\/hydropath\/wp-json\/wp\/v2\/types\/product"}],"wp:featuredmedia":[{"embeddable":true,"href":"https:\/\/cic-analytic.com\/hydropath\/wp-json\/wp\/v2\/media\/112"}],"wp:attachment":[{"href":"https:\/\/cic-analytic.com\/hydropath\/wp-json\/wp\/v2\/media?parent=109"}],"curies":[{"name":"wp","href":"https:\/\/api.w.org\/{rel}","templated":true}]}}