{"id":101,"date":"2018-02-14T17:46:02","date_gmt":"2018-02-14T17:46:02","guid":{"rendered":"http:\/\/cic-analytic.com\/hydropath\/?post_type=product&#038;p=101"},"modified":"2018-03-08T01:06:15","modified_gmt":"2018-03-08T01:06:15","slug":"hydro-flow-k40-aquaklear","status":"publish","type":"product","link":"https:\/\/cic-analytic.com\/hydropath\/producto\/hydro-flow-k40-aquaklear\/","title":{"rendered":"Hydro FLOW K40 Aquaklear"},"content":{"rendered":"<p><img loading=\"lazy\" decoding=\"async\" class=\"wp-image-162 size-full aligncenter\" src=\"http:\/\/cic-analytic.com\/hydropath\/wp-content\/uploads\/sites\/2\/2018\/02\/ap_hd.png\" alt=\"\" width=\"629\" height=\"79\" srcset=\"https:\/\/cic-analytic.com\/hydropath\/wp-content\/uploads\/sites\/2\/2018\/02\/ap_hd.png 629w, https:\/\/cic-analytic.com\/hydropath\/wp-content\/uploads\/sites\/2\/2018\/02\/ap_hd-300x38.png 300w, https:\/\/cic-analytic.com\/hydropath\/wp-content\/uploads\/sites\/2\/2018\/02\/ap_hd-600x75.png 600w\" sizes=\"(max-width: 629px) 100vw, 629px\" \/><\/p>\n<p><strong>Mejore la calidad del agua para piscinas peque\u00f1as y estanques.<\/strong><\/p>\n<p>El Hydro FLOW K40 AQUAKLEAR est\u00e1 dise\u00f1ado para mejorar la calidad del agua de piscinas, jacuzzis, spas y otras aplicaciones relacionadas.<\/p>\n<p>La reducci\u00f3n de los niveles bacterianos y la mejora de la filtraci\u00f3n en las piscinas, etc. da lugar a agua m\u00e1s clara y agradable; una reducci\u00f3n en los reg\u00edmenes de mantenimiento y los costos asociados y una reducci\u00f3n en el retrolavado.<\/p>\n<p>El K40 AQUAKLEAR tiene una gama de beneficios dise\u00f1ados para hacer que su sistema sea m\u00e1s econ\u00f3mico y f\u00e1cil de mantener, y m\u00e1s agradable de usar. El K40 AQUAKLEAR est\u00e1 dise\u00f1ado para reducir los niveles de bacterias, reducir el uso peligroso de cloro (y su olor desagradable) y ayudar a mejorar la filtraci\u00f3n para reducir la turbidez y disminuir el retrolavado.<\/p>\n<p>La unidad se puede instalar alrededor de tuber\u00edas de hasta 63 mm de di\u00e1metro y de cualquier material sin necesidad de plomer\u00eda.<\/p>\n","protected":false},"excerpt":{"rendered":"<p><strong>Mejore la calidad del agua para piscinas peque\u00f1as y estanques.<\/strong><\/p>\n<p>El Hydro FLOW K40 AQUAKLEAR est\u00e1 dise\u00f1ado para mejorar la calidad del agua de piscinas, jacuzzis, spas y otras aplicaciones relacionadas.<\/p>\n<table>\n<tbody>\n<tr>\n<td><img loading=\"lazy\" decoding=\"async\" class=\"alignnone wp-image-370\" src=\"http:\/\/cic-analytic.com\/hydropath\/wp-content\/uploads\/sites\/2\/2018\/03\/icon_water_green.png\" alt=\"\" width=\"80\" height=\"80\" srcset=\"https:\/\/cic-analytic.com\/hydropath\/wp-content\/uploads\/sites\/2\/2018\/03\/icon_water_green.png 100w, https:\/\/cic-analytic.com\/hydropath\/wp-content\/uploads\/sites\/2\/2018\/03\/icon_water_green-73x73.png 73w\" sizes=\"(max-width: 80px) 100vw, 80px\" \/><\/td>\n<td><strong>Calidad de Agua<\/strong><\/td>\n<\/tr>\n<tr>\n<td><img loading=\"lazy\" decoding=\"async\" class=\"alignnone wp-image-369\" src=\"http:\/\/cic-analytic.com\/hydropath\/wp-content\/uploads\/sites\/2\/2018\/03\/icon_chemical_reduction_blue-73x73.png\" alt=\"\" width=\"80\" height=\"80\" srcset=\"https:\/\/cic-analytic.com\/hydropath\/wp-content\/uploads\/sites\/2\/2018\/03\/icon_chemical_reduction_blue-73x73.png 73w, https:\/\/cic-analytic.com\/hydropath\/wp-content\/uploads\/sites\/2\/2018\/03\/icon_chemical_reduction_blue.png 100w\" sizes=\"(max-width: 80px) 100vw, 80px\" \/><\/td>\n<td><strong>Reducci\u00f3n de cloro <\/strong><\/td>\n<\/tr>\n<tr>\n<td><img loading=\"lazy\" decoding=\"async\" class=\"alignnone size-full wp-image-232\" src=\"http:\/\/cic-analytic.com\/hydropath\/wp-content\/uploads\/sites\/2\/2018\/02\/iso_fucsia.png\" alt=\"\" width=\"79\" height=\"79\" srcset=\"https:\/\/cic-analytic.com\/hydropath\/wp-content\/uploads\/sites\/2\/2018\/02\/iso_fucsia.png 79w, https:\/\/cic-analytic.com\/hydropath\/wp-content\/uploads\/sites\/2\/2018\/02\/iso_fucsia-73x73.png 73w\" sizes=\"(max-width: 79px) 100vw, 79px\" \/><\/td>\n<td><strong>Tama\u00f1os\u00a0est\u00e1ndar\u00a0hasta 63mm<\/strong><\/td>\n<\/tr>\n<\/tbody>\n<\/table>\n","protected":false},"featured_media":102,"template":"","meta":[],"yoast_head":"<!-- This site is optimized with the Yoast SEO plugin v22.6 - https:\/\/yoast.com\/wordpress\/plugins\/seo\/ -->\n<title>Hydro FLOW K40 Aquaklear &#8226; Hydropath<\/title>\n<meta name=\"robots\" content=\"index, follow, max-snippet:-1, max-image-preview:large, max-video-preview:-1\" \/>\n<link rel=\"canonical\" href=\"https:\/\/cic-analytic.com\/hydropath\/producto\/hydro-flow-k40-aquaklear\/\" \/>\n<meta property=\"og:locale\" content=\"es_ES\" \/>\n<meta property=\"og:type\" content=\"article\" \/>\n<meta property=\"og:title\" content=\"Hydro FLOW K40 Aquaklear &#8226; Hydropath\" \/>\n<meta property=\"og:description\" content=\"Mejore la calidad del agua para piscinas peque\u00f1as y estanques.  El Hydro FLOW K40 AQUAKLEAR est\u00e1 dise\u00f1ado para mejorar la calidad del agua de piscinas, jacuzzis, spas y otras aplicaciones relacionadas.     Calidad de Agua    Reducci\u00f3n de cloro     Tama\u00f1os\u00a0est\u00e1ndar\u00a0hasta 63mm\" \/>\n<meta property=\"og:url\" content=\"https:\/\/cic-analytic.com\/hydropath\/producto\/hydro-flow-k40-aquaklear\/\" \/>\n<meta property=\"og:site_name\" content=\"Hydropath\" \/>\n<meta property=\"article:modified_time\" content=\"2018-03-08T01:06:15+00:00\" \/>\n<meta property=\"og:image\" content=\"https:\/\/cic-analytic.com\/hydropath\/wp-content\/uploads\/sites\/2\/2018\/02\/k40-0_10.jpg\" \/>\n\t<meta property=\"og:image:width\" content=\"1200\" \/>\n\t<meta property=\"og:image:height\" content=\"900\" \/>\n\t<meta property=\"og:image:type\" content=\"image\/jpeg\" \/>\n<meta name=\"twitter:card\" content=\"summary_large_image\" \/>\n<meta name=\"twitter:label1\" content=\"Tiempo de lectura\" \/>\n\t<meta name=\"twitter:data1\" content=\"1 minuto\" \/>\n<script type=\"application\/ld+json\" class=\"yoast-schema-graph\">{\"@context\":\"https:\/\/schema.org\",\"@graph\":[{\"@type\":\"WebPage\",\"@id\":\"https:\/\/cic-analytic.com\/hydropath\/producto\/hydro-flow-k40-aquaklear\/\",\"url\":\"https:\/\/cic-analytic.com\/hydropath\/producto\/hydro-flow-k40-aquaklear\/\",\"name\":\"Hydro FLOW K40 Aquaklear &#8226; Hydropath\",\"isPartOf\":{\"@id\":\"https:\/\/cic-analytic.com\/hydropath\/#website\"},\"primaryImageOfPage\":{\"@id\":\"https:\/\/cic-analytic.com\/hydropath\/producto\/hydro-flow-k40-aquaklear\/#primaryimage\"},\"image\":{\"@id\":\"https:\/\/cic-analytic.com\/hydropath\/producto\/hydro-flow-k40-aquaklear\/#primaryimage\"},\"thumbnailUrl\":\"\",\"datePublished\":\"2018-02-14T17:46:02+00:00\",\"dateModified\":\"2018-03-08T01:06:15+00:00\",\"breadcrumb\":{\"@id\":\"https:\/\/cic-analytic.com\/hydropath\/producto\/hydro-flow-k40-aquaklear\/#breadcrumb\"},\"inLanguage\":\"es\",\"potentialAction\":[{\"@type\":\"ReadAction\",\"target\":[\"https:\/\/cic-analytic.com\/hydropath\/producto\/hydro-flow-k40-aquaklear\/\"]}]},{\"@type\":\"ImageObject\",\"inLanguage\":\"es\",\"@id\":\"https:\/\/cic-analytic.com\/hydropath\/producto\/hydro-flow-k40-aquaklear\/#primaryimage\",\"url\":\"\",\"contentUrl\":\"\",\"width\":1200,\"height\":900},{\"@type\":\"BreadcrumbList\",\"@id\":\"https:\/\/cic-analytic.com\/hydropath\/producto\/hydro-flow-k40-aquaklear\/#breadcrumb\",\"itemListElement\":[{\"@type\":\"ListItem\",\"position\":1,\"name\":\"Portada\",\"item\":\"https:\/\/cic-analytic.com\/hydropath\/\"},{\"@type\":\"ListItem\",\"position\":2,\"name\":\"Productos\",\"item\":\"https:\/\/cic-analytic.com\/hydropath\/productos\/\"},{\"@type\":\"ListItem\",\"position\":3,\"name\":\"Hydro FLOW K40 Aquaklear\"}]},{\"@type\":\"WebSite\",\"@id\":\"https:\/\/cic-analytic.com\/hydropath\/#website\",\"url\":\"https:\/\/cic-analytic.com\/hydropath\/\",\"name\":\"Hydropath\",\"description\":\"Hydropath Tecnology\",\"publisher\":{\"@id\":\"https:\/\/cic-analytic.com\/hydropath\/#organization\"},\"potentialAction\":[{\"@type\":\"SearchAction\",\"target\":{\"@type\":\"EntryPoint\",\"urlTemplate\":\"https:\/\/cic-analytic.com\/hydropath\/?s={search_term_string}\"},\"query-input\":\"required name=search_term_string\"}],\"inLanguage\":\"es\"},{\"@type\":\"Organization\",\"@id\":\"https:\/\/cic-analytic.com\/hydropath\/#organization\",\"name\":\"Hydropath\",\"url\":\"https:\/\/cic-analytic.com\/hydropath\/\",\"logo\":{\"@type\":\"ImageObject\",\"inLanguage\":\"es\",\"@id\":\"https:\/\/cic-analytic.com\/hydropath\/#\/schema\/logo\/image\/\",\"url\":\"https:\/\/cic-analytic.com\/hydropath\/wp-content\/uploads\/sites\/2\/2018\/02\/logo_hydropath-cic.png\",\"contentUrl\":\"https:\/\/cic-analytic.com\/hydropath\/wp-content\/uploads\/sites\/2\/2018\/02\/logo_hydropath-cic.png\",\"width\":293,\"height\":42,\"caption\":\"Hydropath\"},\"image\":{\"@id\":\"https:\/\/cic-analytic.com\/hydropath\/#\/schema\/logo\/image\/\"},\"sameAs\":[\"https:\/\/ar.linkedin.com\/company\/cic-international-analytic\"]}]}<\/script>\n<!-- \/ Yoast SEO plugin. -->","yoast_head_json":{"title":"Hydro FLOW K40 Aquaklear &#8226; Hydropath","robots":{"index":"index","follow":"follow","max-snippet":"max-snippet:-1","max-image-preview":"max-image-preview:large","max-video-preview":"max-video-preview:-1"},"canonical":"https:\/\/cic-analytic.com\/hydropath\/producto\/hydro-flow-k40-aquaklear\/","og_locale":"es_ES","og_type":"article","og_title":"Hydro FLOW K40 Aquaklear &#8226; Hydropath","og_description":"Mejore la calidad del agua para piscinas peque\u00f1as y estanques.  El Hydro FLOW K40 AQUAKLEAR est\u00e1 dise\u00f1ado para mejorar la calidad del agua de piscinas, jacuzzis, spas y otras aplicaciones relacionadas.     Calidad de Agua    Reducci\u00f3n de cloro     Tama\u00f1os\u00a0est\u00e1ndar\u00a0hasta 63mm","og_url":"https:\/\/cic-analytic.com\/hydropath\/producto\/hydro-flow-k40-aquaklear\/","og_site_name":"Hydropath","article_modified_time":"2018-03-08T01:06:15+00:00","og_image":[{"width":1200,"height":900,"url":"https:\/\/cic-analytic.com\/hydropath\/wp-content\/uploads\/sites\/2\/2018\/02\/k40-0_10.jpg","type":"image\/jpeg"}],"twitter_card":"summary_large_image","twitter_misc":{"Tiempo de lectura":"1 minuto"},"schema":{"@context":"https:\/\/schema.org","@graph":[{"@type":"WebPage","@id":"https:\/\/cic-analytic.com\/hydropath\/producto\/hydro-flow-k40-aquaklear\/","url":"https:\/\/cic-analytic.com\/hydropath\/producto\/hydro-flow-k40-aquaklear\/","name":"Hydro FLOW K40 Aquaklear &#8226; Hydropath","isPartOf":{"@id":"https:\/\/cic-analytic.com\/hydropath\/#website"},"primaryImageOfPage":{"@id":"https:\/\/cic-analytic.com\/hydropath\/producto\/hydro-flow-k40-aquaklear\/#primaryimage"},"image":{"@id":"https:\/\/cic-analytic.com\/hydropath\/producto\/hydro-flow-k40-aquaklear\/#primaryimage"},"thumbnailUrl":"","datePublished":"2018-02-14T17:46:02+00:00","dateModified":"2018-03-08T01:06:15+00:00","breadcrumb":{"@id":"https:\/\/cic-analytic.com\/hydropath\/producto\/hydro-flow-k40-aquaklear\/#breadcrumb"},"inLanguage":"es","potentialAction":[{"@type":"ReadAction","target":["https:\/\/cic-analytic.com\/hydropath\/producto\/hydro-flow-k40-aquaklear\/"]}]},{"@type":"ImageObject","inLanguage":"es","@id":"https:\/\/cic-analytic.com\/hydropath\/producto\/hydro-flow-k40-aquaklear\/#primaryimage","url":"","contentUrl":"","width":1200,"height":900},{"@type":"BreadcrumbList","@id":"https:\/\/cic-analytic.com\/hydropath\/producto\/hydro-flow-k40-aquaklear\/#breadcrumb","itemListElement":[{"@type":"ListItem","position":1,"name":"Portada","item":"https:\/\/cic-analytic.com\/hydropath\/"},{"@type":"ListItem","position":2,"name":"Productos","item":"https:\/\/cic-analytic.com\/hydropath\/productos\/"},{"@type":"ListItem","position":3,"name":"Hydro FLOW K40 Aquaklear"}]},{"@type":"WebSite","@id":"https:\/\/cic-analytic.com\/hydropath\/#website","url":"https:\/\/cic-analytic.com\/hydropath\/","name":"Hydropath","description":"Hydropath Tecnology","publisher":{"@id":"https:\/\/cic-analytic.com\/hydropath\/#organization"},"potentialAction":[{"@type":"SearchAction","target":{"@type":"EntryPoint","urlTemplate":"https:\/\/cic-analytic.com\/hydropath\/?s={search_term_string}"},"query-input":"required name=search_term_string"}],"inLanguage":"es"},{"@type":"Organization","@id":"https:\/\/cic-analytic.com\/hydropath\/#organization","name":"Hydropath","url":"https:\/\/cic-analytic.com\/hydropath\/","logo":{"@type":"ImageObject","inLanguage":"es","@id":"https:\/\/cic-analytic.com\/hydropath\/#\/schema\/logo\/image\/","url":"https:\/\/cic-analytic.com\/hydropath\/wp-content\/uploads\/sites\/2\/2018\/02\/logo_hydropath-cic.png","contentUrl":"https:\/\/cic-analytic.com\/hydropath\/wp-content\/uploads\/sites\/2\/2018\/02\/logo_hydropath-cic.png","width":293,"height":42,"caption":"Hydropath"},"image":{"@id":"https:\/\/cic-analytic.com\/hydropath\/#\/schema\/logo\/image\/"},"sameAs":["https:\/\/ar.linkedin.com\/company\/cic-international-analytic"]}]}},"_links":{"self":[{"href":"https:\/\/cic-analytic.com\/hydropath\/wp-json\/wp\/v2\/product\/101"}],"collection":[{"href":"https:\/\/cic-analytic.com\/hydropath\/wp-json\/wp\/v2\/product"}],"about":[{"href":"https:\/\/cic-analytic.com\/hydropath\/wp-json\/wp\/v2\/types\/product"}],"wp:featuredmedia":[{"embeddable":true,"href":"https:\/\/cic-analytic.com\/hydropath\/wp-json\/"}],"wp:attachment":[{"href":"https:\/\/cic-analytic.com\/hydropath\/wp-json\/wp\/v2\/media?parent=101"}],"curies":[{"name":"wp","href":"https:\/\/api.w.org\/{rel}","templated":true}]}}