{"id":6,"date":"2018-02-01T17:53:54","date_gmt":"2018-02-01T17:53:54","guid":{"rendered":"http:\/\/cic-analytic.com\/hydropath\/?page_id=6"},"modified":"2018-03-05T01:33:06","modified_gmt":"2018-03-05T01:33:06","slug":"tecnologias-comofunciona","status":"publish","type":"page","link":"https:\/\/cic-analytic.com\/hydropath\/tecnologias\/tecnologias-comofunciona\/","title":{"rendered":"C\u00f3mo funciona"},"content":{"rendered":"<h1><span style=\"color: #00a9a2;\">LA SE\u00d1AL<\/span><\/h1>\n<p><img loading=\"lazy\" decoding=\"async\" class=\"alignnone size-full wp-image-186\" src=\"http:\/\/cic-analytic.com\/hydropath\/wp-content\/uploads\/sites\/2\/2018\/02\/tecno1.jpg\" alt=\"\" width=\"979\" height=\"811\" srcset=\"https:\/\/cic-analytic.com\/hydropath\/wp-content\/uploads\/sites\/2\/2018\/02\/tecno1.jpg 979w, https:\/\/cic-analytic.com\/hydropath\/wp-content\/uploads\/sites\/2\/2018\/02\/tecno1-300x249.jpg 300w, https:\/\/cic-analytic.com\/hydropath\/wp-content\/uploads\/sites\/2\/2018\/02\/tecno1-768x636.jpg 768w, https:\/\/cic-analytic.com\/hydropath\/wp-content\/uploads\/sites\/2\/2018\/02\/tecno1-600x497.jpg 600w\" sizes=\"(max-width: 979px) 100vw, 979px\" \/><\/p>\n<p>Las unidades Hydro FLOW utilizan una tecnolog\u00eda \u00fanica para transmitir un campo electr\u00f3nico a la tuber\u00eda y al agua del interior. Esta tecnolog\u00eda funci\u00f3n en todo tipo de material de tuber\u00eda sin necesidad de cortes o plomer\u00eda, por lo que es ideal para la retroadaptacion. La se\u00f1al puede viajar a trav\u00e9s de la red de plomer\u00eda, tanto aguas arriba como aguas abajo, para proteger todo el sistema.<\/p>\n<hr \/>\n<h1><span style=\"color: #00a9a2;\">PREVENCI\u00d3N DE LAS INCRUSTACIONES<\/span><\/h1>\n<p><img loading=\"lazy\" decoding=\"async\" class=\"alignnone size-full wp-image-187\" src=\"http:\/\/cic-analytic.com\/hydropath\/wp-content\/uploads\/sites\/2\/2018\/02\/tecno2.jpg\" alt=\"\" width=\"980\" height=\"812\" srcset=\"https:\/\/cic-analytic.com\/hydropath\/wp-content\/uploads\/sites\/2\/2018\/02\/tecno2.jpg 980w, https:\/\/cic-analytic.com\/hydropath\/wp-content\/uploads\/sites\/2\/2018\/02\/tecno2-300x249.jpg 300w, https:\/\/cic-analytic.com\/hydropath\/wp-content\/uploads\/sites\/2\/2018\/02\/tecno2-768x636.jpg 768w, https:\/\/cic-analytic.com\/hydropath\/wp-content\/uploads\/sites\/2\/2018\/02\/tecno2-600x497.jpg 600w\" sizes=\"(max-width: 980px) 100vw, 980px\" \/><\/p>\n<p>El sarro est\u00e1 formado por minerales (generalmente calcio y bicarbonato) que se disuelven en el agua. Cuando el agua se calienta (o se vuelve supersaturada), estos minerales forman una masa dura en la superficie de las tuber\u00edas y equipos de calefacci\u00f3n, lo que impide la transferencia de calor, lo que reduce la eficiencia y bloquea el flujo.<\/p>\n<p>Las unidades Hydro FLOW transmiten un campo electr\u00f3nico a la red de tuber\u00edas y al agua en si. Esto hace que los iones minerales formen grupos que act\u00faen como punto de partida para los cristales, de modo que cuando el agua se calienta, el sarro se forma como polvo fino en suspensi\u00f3n, que luego puede ser arrastrado por el flujo.<\/p>\n<hr \/>\n<h1><span style=\"color: #00a9a2;\">FLOCULACI\u00d3N\u00a0<\/span><\/h1>\n<p><img loading=\"lazy\" decoding=\"async\" class=\"alignnone size-full wp-image-188\" src=\"http:\/\/cic-analytic.com\/hydropath\/wp-content\/uploads\/sites\/2\/2018\/02\/tecno3.jpg\" alt=\"\" width=\"990\" height=\"812\" srcset=\"https:\/\/cic-analytic.com\/hydropath\/wp-content\/uploads\/sites\/2\/2018\/02\/tecno3.jpg 990w, https:\/\/cic-analytic.com\/hydropath\/wp-content\/uploads\/sites\/2\/2018\/02\/tecno3-300x246.jpg 300w, https:\/\/cic-analytic.com\/hydropath\/wp-content\/uploads\/sites\/2\/2018\/02\/tecno3-768x630.jpg 768w, https:\/\/cic-analytic.com\/hydropath\/wp-content\/uploads\/sites\/2\/2018\/02\/tecno3-600x492.jpg 600w\" sizes=\"(max-width: 990px) 100vw, 990px\" \/><\/p>\n<p>Con el tiempo, los filtros se obstruyen y requieren limpieza a trav\u00e9s del retrolavado. Esto conduce a un desperdicio de agua, energ\u00eda y dinero. Hydro FLOW puede ayudar a reducir este desperdicio a trav\u00e9s de la floculaci\u00f3n.<\/p>\n<p>Las unidades Hydro FLOW cargan part\u00edculas el\u00e9ctricamente a medida que pasan a trav\u00e9s de la unidad. La turbulencia (a menudo proporcionada por una bomba) mezcla el agua para que estas part\u00edculas entren en contacto y se adhieran entre s\u00ed, formando bandadas. Estos lotes se sientan en la superficie del filtro, por lo que son m\u00e1s f\u00e1ciles de eliminar y la cantidad de agua utilizada en el retrolavado puede reducirse. La floculaci\u00f3n tambi\u00e9n permite que el filtro elimine las part\u00edculas m\u00e1s finas y as\u00ed mejorar la claridad del agua.<\/p>\n<hr \/>\n<h1><span style=\"color: #00a9a2;\">BIOINCRUSTACI\u00d3N<\/span><\/h1>\n<p><img loading=\"lazy\" decoding=\"async\" class=\"alignnone size-full wp-image-189\" src=\"http:\/\/cic-analytic.com\/hydropath\/wp-content\/uploads\/sites\/2\/2018\/02\/tecno4.jpg\" alt=\"\" width=\"990\" height=\"812\" srcset=\"https:\/\/cic-analytic.com\/hydropath\/wp-content\/uploads\/sites\/2\/2018\/02\/tecno4.jpg 990w, https:\/\/cic-analytic.com\/hydropath\/wp-content\/uploads\/sites\/2\/2018\/02\/tecno4-300x246.jpg 300w, https:\/\/cic-analytic.com\/hydropath\/wp-content\/uploads\/sites\/2\/2018\/02\/tecno4-768x630.jpg 768w, https:\/\/cic-analytic.com\/hydropath\/wp-content\/uploads\/sites\/2\/2018\/02\/tecno4-600x492.jpg 600w\" sizes=\"(max-width: 990px) 100vw, 990px\" \/><\/p>\n<p>La contaminaci\u00f3n por bacterias y otros materiales biol\u00f3gicos se conoce como bioincrustaci\u00f3n.<\/p>\n<p>La bioincrustaci\u00f3n es un problema importante en los sistemas industriales y comerciales. En sistemas de recirculaci\u00f3n de agua, las bacterias pueden acumularse a niveles problem\u00e1ticos y puede ser muy dif\u00edcil o costoso de tratar con productos qu\u00edmicos. Ademas, las bacterias se adhieren a las tuber\u00edas e intercambian superficies para formar una biopelicula que reduce a la transferencia de calor y bloquea el flujo.<\/p>\n<p>La se\u00f1al de HydroFLOW se transmite a trav\u00e9s de la tuber\u00eda y el agua, lo que hace que la biopel\u00edcula se separe y disminuya la cantidad de bacterias en el sistema de recirculaci\u00f3n de agua.<\/p>\n","protected":false},"excerpt":{"rendered":"<p>LA SE\u00d1AL Las unidades Hydro FLOW utilizan una tecnolog\u00eda \u00fanica para transmitir un campo electr\u00f3nico a la tuber\u00eda y al agua del interior. Esta tecnolog\u00eda funci\u00f3n en todo tipo de material de tuber\u00eda sin necesidad de cortes o plomer\u00eda, por lo que es ideal para la retroadaptacion. La se\u00f1al puede viajar a trav\u00e9s de la<a href=\"https:\/\/cic-analytic.com\/hydropath\/tecnologias\/tecnologias-comofunciona\/\">[&#8230;]<\/a><\/p>\n","protected":false},"author":1,"featured_media":0,"parent":321,"menu_order":0,"comment_status":"closed","ping_status":"closed","template":"template-fullwidth.php","meta":{"footnotes":""},"yoast_head":"<!-- This site is optimized with the Yoast SEO plugin v22.6 - https:\/\/yoast.com\/wordpress\/plugins\/seo\/ -->\n<title>C\u00f3mo funciona &#8226; Hydropath<\/title>\n<meta name=\"robots\" content=\"index, follow, max-snippet:-1, max-image-preview:large, max-video-preview:-1\" \/>\n<link rel=\"canonical\" href=\"https:\/\/cic-analytic.com\/hydropath\/tecnologias\/tecnologias-comofunciona\/\" \/>\n<meta property=\"og:locale\" content=\"es_ES\" \/>\n<meta property=\"og:type\" content=\"article\" \/>\n<meta property=\"og:title\" content=\"C\u00f3mo funciona &#8226; Hydropath\" \/>\n<meta property=\"og:description\" content=\"LA SE\u00d1AL Las unidades Hydro FLOW utilizan una tecnolog\u00eda \u00fanica para transmitir un campo electr\u00f3nico a la tuber\u00eda y al agua del interior. Esta tecnolog\u00eda funci\u00f3n en todo tipo de material de tuber\u00eda sin necesidad de cortes o plomer\u00eda, por lo que es ideal para la retroadaptacion. La se\u00f1al puede viajar a trav\u00e9s de la[...]\" \/>\n<meta property=\"og:url\" content=\"https:\/\/cic-analytic.com\/hydropath\/tecnologias\/tecnologias-comofunciona\/\" \/>\n<meta property=\"og:site_name\" content=\"Hydropath\" \/>\n<meta property=\"article:modified_time\" content=\"2018-03-05T01:33:06+00:00\" \/>\n<meta property=\"og:image\" content=\"http:\/\/cic-analytic.com\/hydropath\/wp-content\/uploads\/sites\/2\/2018\/02\/tecno1.jpg\" \/>\n<meta name=\"twitter:card\" content=\"summary_large_image\" \/>\n<meta name=\"twitter:label1\" content=\"Tiempo de lectura\" \/>\n\t<meta name=\"twitter:data1\" content=\"2 minutos\" \/>\n<script type=\"application\/ld+json\" class=\"yoast-schema-graph\">{\"@context\":\"https:\/\/schema.org\",\"@graph\":[{\"@type\":\"WebPage\",\"@id\":\"https:\/\/cic-analytic.com\/hydropath\/tecnologias\/tecnologias-comofunciona\/\",\"url\":\"https:\/\/cic-analytic.com\/hydropath\/tecnologias\/tecnologias-comofunciona\/\",\"name\":\"C\u00f3mo funciona &#8226; Hydropath\",\"isPartOf\":{\"@id\":\"https:\/\/cic-analytic.com\/hydropath\/#website\"},\"primaryImageOfPage\":{\"@id\":\"https:\/\/cic-analytic.com\/hydropath\/tecnologias\/tecnologias-comofunciona\/#primaryimage\"},\"image\":{\"@id\":\"https:\/\/cic-analytic.com\/hydropath\/tecnologias\/tecnologias-comofunciona\/#primaryimage\"},\"thumbnailUrl\":\"http:\/\/cic-analytic.com\/hydropath\/wp-content\/uploads\/sites\/2\/2018\/02\/tecno1.jpg\",\"datePublished\":\"2018-02-01T17:53:54+00:00\",\"dateModified\":\"2018-03-05T01:33:06+00:00\",\"breadcrumb\":{\"@id\":\"https:\/\/cic-analytic.com\/hydropath\/tecnologias\/tecnologias-comofunciona\/#breadcrumb\"},\"inLanguage\":\"es\",\"potentialAction\":[{\"@type\":\"ReadAction\",\"target\":[\"https:\/\/cic-analytic.com\/hydropath\/tecnologias\/tecnologias-comofunciona\/\"]}]},{\"@type\":\"ImageObject\",\"inLanguage\":\"es\",\"@id\":\"https:\/\/cic-analytic.com\/hydropath\/tecnologias\/tecnologias-comofunciona\/#primaryimage\",\"url\":\"http:\/\/cic-analytic.com\/hydropath\/wp-content\/uploads\/sites\/2\/2018\/02\/tecno1.jpg\",\"contentUrl\":\"http:\/\/cic-analytic.com\/hydropath\/wp-content\/uploads\/sites\/2\/2018\/02\/tecno1.jpg\"},{\"@type\":\"BreadcrumbList\",\"@id\":\"https:\/\/cic-analytic.com\/hydropath\/tecnologias\/tecnologias-comofunciona\/#breadcrumb\",\"itemListElement\":[{\"@type\":\"ListItem\",\"position\":1,\"name\":\"Portada\",\"item\":\"https:\/\/cic-analytic.com\/hydropath\/\"},{\"@type\":\"ListItem\",\"position\":2,\"name\":\"Tecnolog\u00edas\",\"item\":\"https:\/\/cic-analytic.com\/hydropath\/tecnologias\/\"},{\"@type\":\"ListItem\",\"position\":3,\"name\":\"C\u00f3mo funciona\"}]},{\"@type\":\"WebSite\",\"@id\":\"https:\/\/cic-analytic.com\/hydropath\/#website\",\"url\":\"https:\/\/cic-analytic.com\/hydropath\/\",\"name\":\"Hydropath\",\"description\":\"Hydropath Tecnology\",\"publisher\":{\"@id\":\"https:\/\/cic-analytic.com\/hydropath\/#organization\"},\"potentialAction\":[{\"@type\":\"SearchAction\",\"target\":{\"@type\":\"EntryPoint\",\"urlTemplate\":\"https:\/\/cic-analytic.com\/hydropath\/?s={search_term_string}\"},\"query-input\":\"required name=search_term_string\"}],\"inLanguage\":\"es\"},{\"@type\":\"Organization\",\"@id\":\"https:\/\/cic-analytic.com\/hydropath\/#organization\",\"name\":\"Hydropath\",\"url\":\"https:\/\/cic-analytic.com\/hydropath\/\",\"logo\":{\"@type\":\"ImageObject\",\"inLanguage\":\"es\",\"@id\":\"https:\/\/cic-analytic.com\/hydropath\/#\/schema\/logo\/image\/\",\"url\":\"https:\/\/cic-analytic.com\/hydropath\/wp-content\/uploads\/sites\/2\/2018\/02\/logo_hydropath-cic.png\",\"contentUrl\":\"https:\/\/cic-analytic.com\/hydropath\/wp-content\/uploads\/sites\/2\/2018\/02\/logo_hydropath-cic.png\",\"width\":293,\"height\":42,\"caption\":\"Hydropath\"},\"image\":{\"@id\":\"https:\/\/cic-analytic.com\/hydropath\/#\/schema\/logo\/image\/\"},\"sameAs\":[\"https:\/\/ar.linkedin.com\/company\/cic-international-analytic\"]}]}<\/script>\n<!-- \/ Yoast SEO plugin. -->","yoast_head_json":{"title":"C\u00f3mo funciona &#8226; Hydropath","robots":{"index":"index","follow":"follow","max-snippet":"max-snippet:-1","max-image-preview":"max-image-preview:large","max-video-preview":"max-video-preview:-1"},"canonical":"https:\/\/cic-analytic.com\/hydropath\/tecnologias\/tecnologias-comofunciona\/","og_locale":"es_ES","og_type":"article","og_title":"C\u00f3mo funciona &#8226; Hydropath","og_description":"LA SE\u00d1AL Las unidades Hydro FLOW utilizan una tecnolog\u00eda \u00fanica para transmitir un campo electr\u00f3nico a la tuber\u00eda y al agua del interior. Esta tecnolog\u00eda funci\u00f3n en todo tipo de material de tuber\u00eda sin necesidad de cortes o plomer\u00eda, por lo que es ideal para la retroadaptacion. La se\u00f1al puede viajar a trav\u00e9s de la[...]","og_url":"https:\/\/cic-analytic.com\/hydropath\/tecnologias\/tecnologias-comofunciona\/","og_site_name":"Hydropath","article_modified_time":"2018-03-05T01:33:06+00:00","og_image":[{"url":"http:\/\/cic-analytic.com\/hydropath\/wp-content\/uploads\/sites\/2\/2018\/02\/tecno1.jpg"}],"twitter_card":"summary_large_image","twitter_misc":{"Tiempo de lectura":"2 minutos"},"schema":{"@context":"https:\/\/schema.org","@graph":[{"@type":"WebPage","@id":"https:\/\/cic-analytic.com\/hydropath\/tecnologias\/tecnologias-comofunciona\/","url":"https:\/\/cic-analytic.com\/hydropath\/tecnologias\/tecnologias-comofunciona\/","name":"C\u00f3mo funciona &#8226; Hydropath","isPartOf":{"@id":"https:\/\/cic-analytic.com\/hydropath\/#website"},"primaryImageOfPage":{"@id":"https:\/\/cic-analytic.com\/hydropath\/tecnologias\/tecnologias-comofunciona\/#primaryimage"},"image":{"@id":"https:\/\/cic-analytic.com\/hydropath\/tecnologias\/tecnologias-comofunciona\/#primaryimage"},"thumbnailUrl":"http:\/\/cic-analytic.com\/hydropath\/wp-content\/uploads\/sites\/2\/2018\/02\/tecno1.jpg","datePublished":"2018-02-01T17:53:54+00:00","dateModified":"2018-03-05T01:33:06+00:00","breadcrumb":{"@id":"https:\/\/cic-analytic.com\/hydropath\/tecnologias\/tecnologias-comofunciona\/#breadcrumb"},"inLanguage":"es","potentialAction":[{"@type":"ReadAction","target":["https:\/\/cic-analytic.com\/hydropath\/tecnologias\/tecnologias-comofunciona\/"]}]},{"@type":"ImageObject","inLanguage":"es","@id":"https:\/\/cic-analytic.com\/hydropath\/tecnologias\/tecnologias-comofunciona\/#primaryimage","url":"http:\/\/cic-analytic.com\/hydropath\/wp-content\/uploads\/sites\/2\/2018\/02\/tecno1.jpg","contentUrl":"http:\/\/cic-analytic.com\/hydropath\/wp-content\/uploads\/sites\/2\/2018\/02\/tecno1.jpg"},{"@type":"BreadcrumbList","@id":"https:\/\/cic-analytic.com\/hydropath\/tecnologias\/tecnologias-comofunciona\/#breadcrumb","itemListElement":[{"@type":"ListItem","position":1,"name":"Portada","item":"https:\/\/cic-analytic.com\/hydropath\/"},{"@type":"ListItem","position":2,"name":"Tecnolog\u00edas","item":"https:\/\/cic-analytic.com\/hydropath\/tecnologias\/"},{"@type":"ListItem","position":3,"name":"C\u00f3mo funciona"}]},{"@type":"WebSite","@id":"https:\/\/cic-analytic.com\/hydropath\/#website","url":"https:\/\/cic-analytic.com\/hydropath\/","name":"Hydropath","description":"Hydropath Tecnology","publisher":{"@id":"https:\/\/cic-analytic.com\/hydropath\/#organization"},"potentialAction":[{"@type":"SearchAction","target":{"@type":"EntryPoint","urlTemplate":"https:\/\/cic-analytic.com\/hydropath\/?s={search_term_string}"},"query-input":"required name=search_term_string"}],"inLanguage":"es"},{"@type":"Organization","@id":"https:\/\/cic-analytic.com\/hydropath\/#organization","name":"Hydropath","url":"https:\/\/cic-analytic.com\/hydropath\/","logo":{"@type":"ImageObject","inLanguage":"es","@id":"https:\/\/cic-analytic.com\/hydropath\/#\/schema\/logo\/image\/","url":"https:\/\/cic-analytic.com\/hydropath\/wp-content\/uploads\/sites\/2\/2018\/02\/logo_hydropath-cic.png","contentUrl":"https:\/\/cic-analytic.com\/hydropath\/wp-content\/uploads\/sites\/2\/2018\/02\/logo_hydropath-cic.png","width":293,"height":42,"caption":"Hydropath"},"image":{"@id":"https:\/\/cic-analytic.com\/hydropath\/#\/schema\/logo\/image\/"},"sameAs":["https:\/\/ar.linkedin.com\/company\/cic-international-analytic"]}]}},"_links":{"self":[{"href":"https:\/\/cic-analytic.com\/hydropath\/wp-json\/wp\/v2\/pages\/6"}],"collection":[{"href":"https:\/\/cic-analytic.com\/hydropath\/wp-json\/wp\/v2\/pages"}],"about":[{"href":"https:\/\/cic-analytic.com\/hydropath\/wp-json\/wp\/v2\/types\/page"}],"author":[{"embeddable":true,"href":"https:\/\/cic-analytic.com\/hydropath\/wp-json\/wp\/v2\/users\/1"}],"replies":[{"embeddable":true,"href":"https:\/\/cic-analytic.com\/hydropath\/wp-json\/wp\/v2\/comments?post=6"}],"version-history":[{"count":7,"href":"https:\/\/cic-analytic.com\/hydropath\/wp-json\/wp\/v2\/pages\/6\/revisions"}],"predecessor-version":[{"id":416,"href":"https:\/\/cic-analytic.com\/hydropath\/wp-json\/wp\/v2\/pages\/6\/revisions\/416"}],"up":[{"embeddable":true,"href":"https:\/\/cic-analytic.com\/hydropath\/wp-json\/wp\/v2\/pages\/321"}],"wp:attachment":[{"href":"https:\/\/cic-analytic.com\/hydropath\/wp-json\/wp\/v2\/media?parent=6"}],"curies":[{"name":"wp","href":"https:\/\/api.w.org\/{rel}","templated":true}]}}